{"id":1752,"date":"2018-10-10T05:42:38","date_gmt":"2018-10-10T05:42:38","guid":{"rendered":"http:\/\/clapat.ro\/themes\/grenada-wordpress\/?page_id=1752"},"modified":"2025-04-08T15:19:56","modified_gmt":"2025-04-08T14:19:56","slug":"contact","status":"publish","type":"page","link":"https:\/\/flab-prod.fr\/index.php\/contact\/","title":{"rendered":"Contact"},"content":{"rendered":"<p>[vc_row parallax=&#8221;content-moving-fade&#8221; el_class=&#8221;row_padding_bottom&#8221;][vc_column width=&#8221;1\/2&#8243; el_class=&#8221;one_half&#8221;]<div class=\"clapat-icon \"><i class=\"fa fa fa-map-marker fa-2x fa-2x\" aria-hidden=\"true\"><\/i><\/div><h6>Adresse<\/h6><p>2 rue de Silly, 92100 Boulogne Billancourt<\/p><div class=\"clapat-icon \"><i class=\"fa far fa-envelope-open fa-2x\" aria-hidden=\"true\"><\/i><\/div><h6><span style=\"color: #ffffff;\"><a style=\"color: #ffffff;\" href=\"mailto:contact@flab-prod.fr\">contact@flab-prod.fr<\/a><\/span><\/h6><p>Rejoignez-nous !<\/p>[\/vc_column][vc_column width=&#8221;1\/2&#8243; el_class=&#8221;one_half last&#8221;][vc_empty_space]\n<div class=\"wpcf7 no-js\" id=\"wpcf7-f1705-o1\" lang=\"en-US\" dir=\"ltr\" data-wpcf7-id=\"1705\">\n<div class=\"screen-reader-response\"><p role=\"status\" aria-live=\"polite\" aria-atomic=\"true\"><\/p> <ul><\/ul><\/div>\n<form action=\"\/index.php\/wp-json\/wp\/v2\/pages\/1752#wpcf7-f1705-o1\" method=\"post\" class=\"wpcf7-form init\" aria-label=\"Contact form\" novalidate=\"novalidate\" data-status=\"init\">\n<fieldset class=\"hidden-fields-container\"><input type=\"hidden\" name=\"_wpcf7\" value=\"1705\" \/><input type=\"hidden\" name=\"_wpcf7_version\" value=\"6.1.5\" \/><input type=\"hidden\" name=\"_wpcf7_locale\" value=\"en_US\" \/><input type=\"hidden\" name=\"_wpcf7_unit_tag\" value=\"wpcf7-f1705-o1\" \/><input type=\"hidden\" name=\"_wpcf7_container_post\" value=\"0\" \/><input type=\"hidden\" name=\"_wpcf7_posted_data_hash\" value=\"\" \/>\n<\/fieldset>\n<div id=\"contact-formular\">\n\t<div class=\"name-box hide-ball\">\n\t\t<p><span class=\"wpcf7-form-control-wrap\" data-name=\"your-name\"><input size=\"40\" maxlength=\"400\" class=\"wpcf7-form-control wpcf7-text wpcf7-validates-as-required\" aria-required=\"true\" aria-invalid=\"false\" placeholder=\"Nom\" value=\"\" type=\"text\" name=\"your-name\" \/><\/span>\n\t\t<\/p>\n\t<\/div>\n\t<div class=\"email-box hide-ball\">\n\t\t<p><span class=\"wpcf7-form-control-wrap\" data-name=\"your-email\"><input size=\"40\" maxlength=\"400\" class=\"wpcf7-form-control wpcf7-email wpcf7-validates-as-required wpcf7-text wpcf7-validates-as-email\" aria-required=\"true\" aria-invalid=\"false\" placeholder=\"Email\" value=\"\" type=\"email\" name=\"your-email\" \/><\/span>\n\t\t<\/p>\n\t<\/div>\n\t<div class=\"message-box hide-ball\">\n\t\t<p><span class=\"wpcf7-form-control-wrap\" data-name=\"your-message\"><textarea cols=\"40\" rows=\"10\" maxlength=\"2000\" class=\"wpcf7-form-control wpcf7-textarea wpcf7-validates-as-required\" aria-required=\"true\" aria-invalid=\"false\" placeholder=\"Votre message\" name=\"your-message\"><\/textarea><\/span>\n\t\t<\/p>\n\t<\/div>\n\t<div class=\"submit-box link\">\n\t\t<p><input class=\"wpcf7-form-control wpcf7-submit has-spinner\" type=\"submit\" value=\"Envoyer\" \/>\n\t\t<\/p>\n\t<\/div>\n<\/div><p style=\"display: none !important;\" class=\"akismet-fields-container\" data-prefix=\"_wpcf7_ak_\"><label>&#916;<textarea name=\"_wpcf7_ak_hp_textarea\" cols=\"45\" rows=\"8\" maxlength=\"100\"><\/textarea><\/label><input type=\"hidden\" id=\"ak_js_1\" name=\"_wpcf7_ak_js\" value=\"45\"\/><script type=\"text\/javascript\">\n\/* <![CDATA[ *\/\ndocument.getElementById( \"ak_js_1\" ).setAttribute( \"value\", ( new Date() ).getTime() );\n\/* ]]> *\/\n<\/script>\n<\/p><div class=\"wpcf7-response-output\" aria-hidden=\"true\"><\/div>\n<\/form>\n<\/div>\n[\/vc_column][\/vc_row][vc_row][vc_column][vc_empty_space][vc_empty_space][vc_empty_space][\/vc_column][\/vc_row]<\/p>\n","protected":false},"excerpt":{"rendered":"<p>[vc_row parallax=&#8221;content-moving-fade&#8221; el_class=&#8221;row_padding_bottom&#8221;][vc_column width=&#8221;1\/2&#8243; el_class=&#8221;one_half&#8221;][\/vc_column][vc_column width=&#8221;1\/2&#8243; el_class=&#8221;one_half last&#8221;][vc_empty_space][\/vc_column][\/vc_row][vc_row][vc_column][vc_empty_space][vc_empty_space][vc_empty_space][\/vc_column][\/vc_row]<\/p>\n","protected":false},"author":3,"featured_media":0,"parent":0,"menu_order":0,"comment_status":"closed","ping_status":"closed","template":"","meta":{"_acf_changed":false,"footnotes":""},"class_list":["post-1752","page","type-page","status-publish","hentry"],"acf":[],"yoast_head":"<!-- This site is optimized with the Yoast SEO plugin v27.4 - https:\/\/yoast.com\/product\/yoast-seo-wordpress\/ -->\n<title>Contact - Flab Prod :<\/title>\n<meta name=\"robots\" content=\"index, follow, max-snippet:-1, max-image-preview:large, max-video-preview:-1\" \/>\n<link rel=\"canonical\" href=\"https:\/\/flab-prod.fr\/index.php\/contact\/\" \/>\n<meta property=\"og:locale\" content=\"fr_FR\" \/>\n<meta property=\"og:type\" content=\"article\" \/>\n<meta property=\"og:title\" content=\"Contact - Flab Prod :\" \/>\n<meta property=\"og:description\" content=\"[vc_row parallax=&#8221;content-moving-fade&#8221; el_class=&#8221;row_padding_bottom&#8221;][vc_column width=&#8221;1\/2&#8243; el_class=&#8221;one_half&#8221;][\/vc_column][vc_column width=&#8221;1\/2&#8243; el_class=&#8221;one_half last&#8221;][vc_empty_space][\/vc_column][\/vc_row][vc_row][vc_column][vc_empty_space][vc_empty_space][vc_empty_space][\/vc_column][\/vc_row]\" \/>\n<meta property=\"og:url\" content=\"https:\/\/flab-prod.fr\/index.php\/contact\/\" \/>\n<meta property=\"og:site_name\" content=\"Flab Prod :\" \/>\n<meta property=\"article:modified_time\" content=\"2025-04-08T14:19:56+00:00\" \/>\n<meta name=\"twitter:card\" content=\"summary_large_image\" \/>\n<meta name=\"twitter:label1\" content=\"Dur\u00e9e de lecture estim\u00e9e\" \/>\n\t<meta name=\"twitter:data1\" content=\"1 minute\" \/>\n<script type=\"application\/ld+json\" class=\"yoast-schema-graph\">{\"@context\":\"https:\\\/\\\/schema.org\",\"@graph\":[{\"@type\":\"WebPage\",\"@id\":\"https:\\\/\\\/flab-prod.fr\\\/index.php\\\/contact\\\/\",\"url\":\"https:\\\/\\\/flab-prod.fr\\\/index.php\\\/contact\\\/\",\"name\":\"Contact - Flab Prod :\",\"isPartOf\":{\"@id\":\"https:\\\/\\\/flab-prod.fr\\\/#website\"},\"datePublished\":\"2018-10-10T05:42:38+00:00\",\"dateModified\":\"2025-04-08T14:19:56+00:00\",\"breadcrumb\":{\"@id\":\"https:\\\/\\\/flab-prod.fr\\\/index.php\\\/contact\\\/#breadcrumb\"},\"inLanguage\":\"fr-FR\",\"potentialAction\":[{\"@type\":\"ReadAction\",\"target\":[\"https:\\\/\\\/flab-prod.fr\\\/index.php\\\/contact\\\/\"]}]},{\"@type\":\"BreadcrumbList\",\"@id\":\"https:\\\/\\\/flab-prod.fr\\\/index.php\\\/contact\\\/#breadcrumb\",\"itemListElement\":[{\"@type\":\"ListItem\",\"position\":1,\"name\":\"Accueil\",\"item\":\"https:\\\/\\\/flab-prod.fr\\\/\"},{\"@type\":\"ListItem\",\"position\":2,\"name\":\"Contact\"}]},{\"@type\":\"WebSite\",\"@id\":\"https:\\\/\\\/flab-prod.fr\\\/#website\",\"url\":\"https:\\\/\\\/flab-prod.fr\\\/\",\"name\":\"Flab Prod :\",\"description\":\"soci\u00e9t\u00e9 ind\u00e9pendante de cr\u00e9ations audiovisuelles\",\"potentialAction\":[{\"@type\":\"SearchAction\",\"target\":{\"@type\":\"EntryPoint\",\"urlTemplate\":\"https:\\\/\\\/flab-prod.fr\\\/?s={search_term_string}\"},\"query-input\":{\"@type\":\"PropertyValueSpecification\",\"valueRequired\":true,\"valueName\":\"search_term_string\"}}],\"inLanguage\":\"fr-FR\"}]}<\/script>\n<!-- \/ Yoast SEO plugin. -->","yoast_head_json":{"title":"Contact - Flab Prod :","robots":{"index":"index","follow":"follow","max-snippet":"max-snippet:-1","max-image-preview":"max-image-preview:large","max-video-preview":"max-video-preview:-1"},"canonical":"https:\/\/flab-prod.fr\/index.php\/contact\/","og_locale":"fr_FR","og_type":"article","og_title":"Contact - Flab Prod :","og_description":"[vc_row parallax=&#8221;content-moving-fade&#8221; el_class=&#8221;row_padding_bottom&#8221;][vc_column width=&#8221;1\/2&#8243; el_class=&#8221;one_half&#8221;][\/vc_column][vc_column width=&#8221;1\/2&#8243; el_class=&#8221;one_half last&#8221;][vc_empty_space][\/vc_column][\/vc_row][vc_row][vc_column][vc_empty_space][vc_empty_space][vc_empty_space][\/vc_column][\/vc_row]","og_url":"https:\/\/flab-prod.fr\/index.php\/contact\/","og_site_name":"Flab Prod :","article_modified_time":"2025-04-08T14:19:56+00:00","twitter_card":"summary_large_image","twitter_misc":{"Dur\u00e9e de lecture estim\u00e9e":"1 minute"},"schema":{"@context":"https:\/\/schema.org","@graph":[{"@type":"WebPage","@id":"https:\/\/flab-prod.fr\/index.php\/contact\/","url":"https:\/\/flab-prod.fr\/index.php\/contact\/","name":"Contact - Flab Prod :","isPartOf":{"@id":"https:\/\/flab-prod.fr\/#website"},"datePublished":"2018-10-10T05:42:38+00:00","dateModified":"2025-04-08T14:19:56+00:00","breadcrumb":{"@id":"https:\/\/flab-prod.fr\/index.php\/contact\/#breadcrumb"},"inLanguage":"fr-FR","potentialAction":[{"@type":"ReadAction","target":["https:\/\/flab-prod.fr\/index.php\/contact\/"]}]},{"@type":"BreadcrumbList","@id":"https:\/\/flab-prod.fr\/index.php\/contact\/#breadcrumb","itemListElement":[{"@type":"ListItem","position":1,"name":"Accueil","item":"https:\/\/flab-prod.fr\/"},{"@type":"ListItem","position":2,"name":"Contact"}]},{"@type":"WebSite","@id":"https:\/\/flab-prod.fr\/#website","url":"https:\/\/flab-prod.fr\/","name":"Flab Prod :","description":"soci\u00e9t\u00e9 ind\u00e9pendante de cr\u00e9ations audiovisuelles","potentialAction":[{"@type":"SearchAction","target":{"@type":"EntryPoint","urlTemplate":"https:\/\/flab-prod.fr\/?s={search_term_string}"},"query-input":{"@type":"PropertyValueSpecification","valueRequired":true,"valueName":"search_term_string"}}],"inLanguage":"fr-FR"}]}},"_links":{"self":[{"href":"https:\/\/flab-prod.fr\/index.php\/wp-json\/wp\/v2\/pages\/1752","targetHints":{"allow":["GET"]}}],"collection":[{"href":"https:\/\/flab-prod.fr\/index.php\/wp-json\/wp\/v2\/pages"}],"about":[{"href":"https:\/\/flab-prod.fr\/index.php\/wp-json\/wp\/v2\/types\/page"}],"author":[{"embeddable":true,"href":"https:\/\/flab-prod.fr\/index.php\/wp-json\/wp\/v2\/users\/3"}],"replies":[{"embeddable":true,"href":"https:\/\/flab-prod.fr\/index.php\/wp-json\/wp\/v2\/comments?post=1752"}],"version-history":[{"count":5,"href":"https:\/\/flab-prod.fr\/index.php\/wp-json\/wp\/v2\/pages\/1752\/revisions"}],"predecessor-version":[{"id":3227,"href":"https:\/\/flab-prod.fr\/index.php\/wp-json\/wp\/v2\/pages\/1752\/revisions\/3227"}],"wp:attachment":[{"href":"https:\/\/flab-prod.fr\/index.php\/wp-json\/wp\/v2\/media?parent=1752"}],"curies":[{"name":"wp","href":"https:\/\/api.w.org\/{rel}","templated":true}]}}