{"id":2985,"date":"2025-03-20T17:51:27","date_gmt":"2025-03-20T16:51:27","guid":{"rendered":"http:\/\/flab-prod.fr\/?page_id=2985"},"modified":"2025-04-09T10:31:17","modified_gmt":"2025-04-09T09:31:17","slug":"2985-2","status":"publish","type":"page","link":"https:\/\/flab-prod.fr\/index.php\/2985-2\/","title":{"rendered":"Programmes"},"content":{"rendered":"<p>[vc_row full_width=&#8221;stretch_row_content&#8221;][vc_column][vc_masonry_grid post_type=&#8221;grenada_portfolio&#8221; max_items=&#8221;100&#8243; style=&#8221;lazy&#8221; items_per_page=&#8221;100&#8243; gap=&#8221;0&#8243; item=&#8221;2994&#8243; initial_loading_animation=&#8221;none&#8221; grid_id=&#8221;vc_gid:1742553530730-d18b2501-5866-6&#8243;][\/vc_column][\/vc_row]<\/p>\n","protected":false},"excerpt":{"rendered":"<p>[vc_row full_width=&#8221;stretch_row_content&#8221;][vc_column][vc_masonry_grid post_type=&#8221;grenada_portfolio&#8221; max_items=&#8221;100&#8243; style=&#8221;lazy&#8221; items_per_page=&#8221;100&#8243; gap=&#8221;0&#8243; item=&#8221;2994&#8243; initial_loading_animation=&#8221;none&#8221; grid_id=&#8221;vc_gid:1742553530730-d18b2501-5866-6&#8243;][\/vc_column][\/vc_row]<\/p>\n","protected":false},"author":3,"featured_media":0,"parent":0,"menu_order":0,"comment_status":"closed","ping_status":"closed","template":"","meta":{"_acf_changed":false,"footnotes":""},"class_list":["post-2985","page","type-page","status-publish","hentry"],"acf":[],"yoast_head":"<!-- This site is optimized with the Yoast SEO plugin v27.4 - https:\/\/yoast.com\/product\/yoast-seo-wordpress\/ -->\n<title>Programmes - Flab Prod :<\/title>\n<meta name=\"robots\" content=\"index, follow, max-snippet:-1, max-image-preview:large, max-video-preview:-1\" \/>\n<link rel=\"canonical\" href=\"https:\/\/flab-prod.fr\/index.php\/2985-2\/\" \/>\n<meta property=\"og:locale\" content=\"fr_FR\" \/>\n<meta property=\"og:type\" content=\"article\" \/>\n<meta property=\"og:title\" content=\"Programmes - Flab Prod :\" \/>\n<meta property=\"og:description\" content=\"[vc_row full_width=&#8221;stretch_row_content&#8221;][vc_column][vc_masonry_grid post_type=&#8221;grenada_portfolio&#8221; max_items=&#8221;100&#8243; style=&#8221;lazy&#8221; items_per_page=&#8221;100&#8243; gap=&#8221;0&#8243; item=&#8221;2994&#8243; initial_loading_animation=&#8221;none&#8221; grid_id=&#8221;vc_gid:1742553530730-d18b2501-5866-6&#8243;][\/vc_column][\/vc_row]\" \/>\n<meta property=\"og:url\" content=\"https:\/\/flab-prod.fr\/index.php\/2985-2\/\" \/>\n<meta property=\"og:site_name\" content=\"Flab Prod :\" \/>\n<meta property=\"article:modified_time\" content=\"2025-04-09T09:31:17+00:00\" \/>\n<meta name=\"twitter:card\" content=\"summary_large_image\" \/>\n<meta name=\"twitter:label1\" content=\"Dur\u00e9e de lecture estim\u00e9e\" \/>\n\t<meta name=\"twitter:data1\" content=\"1 minute\" \/>\n<script type=\"application\/ld+json\" class=\"yoast-schema-graph\">{\"@context\":\"https:\\\/\\\/schema.org\",\"@graph\":[{\"@type\":\"WebPage\",\"@id\":\"https:\\\/\\\/flab-prod.fr\\\/index.php\\\/2985-2\\\/\",\"url\":\"https:\\\/\\\/flab-prod.fr\\\/index.php\\\/2985-2\\\/\",\"name\":\"Programmes - Flab Prod :\",\"isPartOf\":{\"@id\":\"https:\\\/\\\/flab-prod.fr\\\/#website\"},\"datePublished\":\"2025-03-20T16:51:27+00:00\",\"dateModified\":\"2025-04-09T09:31:17+00:00\",\"breadcrumb\":{\"@id\":\"https:\\\/\\\/flab-prod.fr\\\/index.php\\\/2985-2\\\/#breadcrumb\"},\"inLanguage\":\"fr-FR\",\"potentialAction\":[{\"@type\":\"ReadAction\",\"target\":[\"https:\\\/\\\/flab-prod.fr\\\/index.php\\\/2985-2\\\/\"]}]},{\"@type\":\"BreadcrumbList\",\"@id\":\"https:\\\/\\\/flab-prod.fr\\\/index.php\\\/2985-2\\\/#breadcrumb\",\"itemListElement\":[{\"@type\":\"ListItem\",\"position\":1,\"name\":\"Accueil\",\"item\":\"https:\\\/\\\/flab-prod.fr\\\/\"},{\"@type\":\"ListItem\",\"position\":2,\"name\":\"Programmes\"}]},{\"@type\":\"WebSite\",\"@id\":\"https:\\\/\\\/flab-prod.fr\\\/#website\",\"url\":\"https:\\\/\\\/flab-prod.fr\\\/\",\"name\":\"Flab Prod :\",\"description\":\"soci\u00e9t\u00e9 ind\u00e9pendante de cr\u00e9ations audiovisuelles\",\"potentialAction\":[{\"@type\":\"SearchAction\",\"target\":{\"@type\":\"EntryPoint\",\"urlTemplate\":\"https:\\\/\\\/flab-prod.fr\\\/?s={search_term_string}\"},\"query-input\":{\"@type\":\"PropertyValueSpecification\",\"valueRequired\":true,\"valueName\":\"search_term_string\"}}],\"inLanguage\":\"fr-FR\"}]}<\/script>\n<!-- \/ Yoast SEO plugin. -->","yoast_head_json":{"title":"Programmes - Flab Prod :","robots":{"index":"index","follow":"follow","max-snippet":"max-snippet:-1","max-image-preview":"max-image-preview:large","max-video-preview":"max-video-preview:-1"},"canonical":"https:\/\/flab-prod.fr\/index.php\/2985-2\/","og_locale":"fr_FR","og_type":"article","og_title":"Programmes - Flab Prod :","og_description":"[vc_row full_width=&#8221;stretch_row_content&#8221;][vc_column][vc_masonry_grid post_type=&#8221;grenada_portfolio&#8221; max_items=&#8221;100&#8243; style=&#8221;lazy&#8221; items_per_page=&#8221;100&#8243; gap=&#8221;0&#8243; item=&#8221;2994&#8243; initial_loading_animation=&#8221;none&#8221; grid_id=&#8221;vc_gid:1742553530730-d18b2501-5866-6&#8243;][\/vc_column][\/vc_row]","og_url":"https:\/\/flab-prod.fr\/index.php\/2985-2\/","og_site_name":"Flab Prod :","article_modified_time":"2025-04-09T09:31:17+00:00","twitter_card":"summary_large_image","twitter_misc":{"Dur\u00e9e de lecture estim\u00e9e":"1 minute"},"schema":{"@context":"https:\/\/schema.org","@graph":[{"@type":"WebPage","@id":"https:\/\/flab-prod.fr\/index.php\/2985-2\/","url":"https:\/\/flab-prod.fr\/index.php\/2985-2\/","name":"Programmes - Flab Prod :","isPartOf":{"@id":"https:\/\/flab-prod.fr\/#website"},"datePublished":"2025-03-20T16:51:27+00:00","dateModified":"2025-04-09T09:31:17+00:00","breadcrumb":{"@id":"https:\/\/flab-prod.fr\/index.php\/2985-2\/#breadcrumb"},"inLanguage":"fr-FR","potentialAction":[{"@type":"ReadAction","target":["https:\/\/flab-prod.fr\/index.php\/2985-2\/"]}]},{"@type":"BreadcrumbList","@id":"https:\/\/flab-prod.fr\/index.php\/2985-2\/#breadcrumb","itemListElement":[{"@type":"ListItem","position":1,"name":"Accueil","item":"https:\/\/flab-prod.fr\/"},{"@type":"ListItem","position":2,"name":"Programmes"}]},{"@type":"WebSite","@id":"https:\/\/flab-prod.fr\/#website","url":"https:\/\/flab-prod.fr\/","name":"Flab Prod :","description":"soci\u00e9t\u00e9 ind\u00e9pendante de cr\u00e9ations audiovisuelles","potentialAction":[{"@type":"SearchAction","target":{"@type":"EntryPoint","urlTemplate":"https:\/\/flab-prod.fr\/?s={search_term_string}"},"query-input":{"@type":"PropertyValueSpecification","valueRequired":true,"valueName":"search_term_string"}}],"inLanguage":"fr-FR"}]}},"_links":{"self":[{"href":"https:\/\/flab-prod.fr\/index.php\/wp-json\/wp\/v2\/pages\/2985","targetHints":{"allow":["GET"]}}],"collection":[{"href":"https:\/\/flab-prod.fr\/index.php\/wp-json\/wp\/v2\/pages"}],"about":[{"href":"https:\/\/flab-prod.fr\/index.php\/wp-json\/wp\/v2\/types\/page"}],"author":[{"embeddable":true,"href":"https:\/\/flab-prod.fr\/index.php\/wp-json\/wp\/v2\/users\/3"}],"replies":[{"embeddable":true,"href":"https:\/\/flab-prod.fr\/index.php\/wp-json\/wp\/v2\/comments?post=2985"}],"version-history":[{"count":5,"href":"https:\/\/flab-prod.fr\/index.php\/wp-json\/wp\/v2\/pages\/2985\/revisions"}],"predecessor-version":[{"id":2997,"href":"https:\/\/flab-prod.fr\/index.php\/wp-json\/wp\/v2\/pages\/2985\/revisions\/2997"}],"wp:attachment":[{"href":"https:\/\/flab-prod.fr\/index.php\/wp-json\/wp\/v2\/media?parent=2985"}],"curies":[{"name":"wp","href":"https:\/\/api.w.org\/{rel}","templated":true}]}}